{"id":21901,"date":"2026-03-24T13:41:14","date_gmt":"2026-03-24T13:41:14","guid":{"rendered":"https:\/\/bricoluanda.com\/?post_type=product&#038;p=21901"},"modified":"2026-03-24T13:43:29","modified_gmt":"2026-03-24T13:43:29","slug":"ura-cabine-80-transparene-cromo-redonda-roca","status":"publish","type":"product","link":"https:\/\/bricoluanda.com\/en\/product\/ura-cabine-80-transparene-cromo-redonda-roca\/","title":{"rendered":"URA CABINE 80 TRANSPARENE\/CROMO REDONDA ROCA"},"content":{"rendered":"","protected":false},"excerpt":{"rendered":"<div>\n<div>\n<p><b>Descri\u00e7\u00e3o do produto:<\/b><\/p>\n<ul>\n<li>Painel de duche de 80 cm de comprimento x 80 cm de largura x 195 cm de altura.<\/li>\n<li>Constitu\u00eddo por duas portas de correr e dois segmentos fixos.<\/li>\n<li>Fabricado em vidro de seguran\u00e7a temperado transparente de 6 mm de espessura. Os pain\u00e9is de vidro de seguran\u00e7a temperado s\u00e3o mais elegante e no caso de se quebrarem, descomp\u00f5em-se em pequenos peda\u00e7os que n\u00e3o se desprendem da estrutura do painel.<\/li>\n<li>Tipo de portas: de correr.<\/li>\n<li>Raio de 50 cm.<\/li>\n<li>Largura de abertura de 43,5 cm.<\/li>\n<\/ul>\n<div>\n<div>\n<p><b>Medidas de montagem:<\/b><\/p>\n<p>Os perfis verticais permitem o ajuste do painel e fazem com que possa ser adaptado corretamente aos desajustes que possam existir nas paredes da base de duche ou banheira. As medidas seguintes indicam o\u00a0<b>m\u00ednimo<\/b>\u00a0e o\u00a0<b>m\u00e1ximo<\/b>\u00a0que cada tamanho de painel poder\u00e1 alcan\u00e7ar:<\/p>\n<ul>\n<li>Painel de 80 x 80 cm (m\u00edn 76,5 cm &#8211; m\u00e1x 79 cm).<\/li>\n<\/ul>\n<\/div>\n<\/div>\n<div>\n<div>\n<div>\n<p><strong>Classifica\u00e7\u00e3o do produto::<\/strong><\/p>\n<\/div>\n<p>Este produto pertence \u00e0 categoria Pain\u00e9is de duche: de correr, semicirculares, de vidro, de 4 folhas, com quatro perfis ou mais, para bases angular com raio 50 (raio roca), 80 a 89 cm comprimento, de 70 a 79 cm de comprimento, transparentes, de 2 portas, com perfis de cores prata, de 6 mm espessura.<\/p>\n<\/div>\n<\/div>\n<\/div>\n<\/div>\n<div>c\u00f3digo: ROCAS0160<\/div>","protected":false},"featured_media":21907,"comment_status":"open","ping_status":"closed","template":"","meta":{"iawp_total_views":1},"product_brand":[220],"product_cat":[190],"product_tag":[],"class_list":{"0":"post-21901","1":"product","2":"type-product","3":"status-publish","4":"has-post-thumbnail","6":"product_brand-roca","7":"product_cat-banheiras-e-duche","9":"first","10":"instock","11":"shipping-taxable","12":"purchasable","13":"product-type-simple"},"aioseo_notices":[],"_links":{"self":[{"href":"https:\/\/bricoluanda.com\/en\/wp-json\/wp\/v2\/product\/21901","targetHints":{"allow":["GET"]}}],"collection":[{"href":"https:\/\/bricoluanda.com\/en\/wp-json\/wp\/v2\/product"}],"about":[{"href":"https:\/\/bricoluanda.com\/en\/wp-json\/wp\/v2\/types\/product"}],"replies":[{"embeddable":true,"href":"https:\/\/bricoluanda.com\/en\/wp-json\/wp\/v2\/comments?post=21901"}],"wp:featuredmedia":[{"embeddable":true,"href":"https:\/\/bricoluanda.com\/en\/wp-json\/wp\/v2\/media\/21907"}],"wp:attachment":[{"href":"https:\/\/bricoluanda.com\/en\/wp-json\/wp\/v2\/media?parent=21901"}],"wp:term":[{"taxonomy":"product_brand","embeddable":true,"href":"https:\/\/bricoluanda.com\/en\/wp-json\/wp\/v2\/product_brand?post=21901"},{"taxonomy":"product_cat","embeddable":true,"href":"https:\/\/bricoluanda.com\/en\/wp-json\/wp\/v2\/product_cat?post=21901"},{"taxonomy":"product_tag","embeddable":true,"href":"https:\/\/bricoluanda.com\/en\/wp-json\/wp\/v2\/product_tag?post=21901"}],"curies":[{"name":"wp","href":"https:\/\/api.w.org\/{rel}","templated":true}]}}