{"id":21897,"date":"2026-03-24T14:32:32","date_gmt":"2026-03-24T14:32:32","guid":{"rendered":"https:\/\/bricoluanda.com\/?post_type=product&#038;p=21897"},"modified":"2026-03-24T15:22:53","modified_gmt":"2026-03-24T15:22:53","slug":"cinzel-sds-max-plano-400x25-bosch","status":"publish","type":"product","link":"https:\/\/bricoluanda.com\/en\/product\/cinzel-sds-max-plano-400x25-bosch\/","title":{"rendered":"CINZEL SDS-MAX PLANO 400&#215;25 BOSCH"},"content":{"rendered":"","protected":false},"excerpt":{"rendered":"<div class=\"description-benefit-container\">\n<div class=\"row product-benefits-row\">\n<div class=\"pt-product-banner-container\">\n<div class=\"main-items-container\">\n<ul class=\"u-hiding-focus\">\n<li class=\"u-hiding-focus\">Longa durabilidade a cinzelar bet\u00e3o<\/li>\n<li>O elemento RTec garante uma taxa de remo\u00e7\u00e3o de material superior. O elemento RTec no encabadouro do cinzel produz o efeito de reflex\u00e3o de energia, garantindo uma taxa de remo\u00e7\u00e3o de material superior.<\/li>\n<\/ul>\n<\/div>\n<div class=\"show-more-less-container\">\n<div class=\"pt-rb-core-more-less\">\n<div class=\"pt-rb-core-more-less__content\">\n<div>\n<ul>\n<li>L\u00e2mina <strong>autoafi\u00e1vel<\/strong> para um desempenho duradouro. Gra\u00e7as \u00e0 sua conce\u00e7\u00e3o especial, a aresta de corte do cinzel permanece afiada \u00e0 medida que se desgasta.<\/li>\n<li class=\"u-hiding-focus\">As nervuras autoafi\u00e1veis do cinzel criam fissuras laterais e verticais no material, garantindo um bom progresso e reduzindo os encravamentos.<\/li>\n<li>Compat\u00edvel com todos os martelos perfuradores SDS m\u00e1x.<\/li>\n<\/ul>\n<p>c\u00f3digo: BOSCH0098<\/p>\n<\/div>\n<\/div>\n<\/div>\n<\/div>\n<\/div>\n<\/div>\n<\/div>","protected":false},"featured_media":21932,"comment_status":"open","ping_status":"closed","template":"","meta":{"iawp_total_views":2},"product_brand":[218],"product_cat":[204],"product_tag":[],"class_list":{"0":"post-21897","1":"product","2":"type-product","3":"status-publish","4":"has-post-thumbnail","6":"product_brand-bosch","7":"product_cat-ferramentas","9":"first","10":"instock","11":"shipping-taxable","12":"purchasable","13":"product-type-simple"},"aioseo_notices":[],"_links":{"self":[{"href":"https:\/\/bricoluanda.com\/en\/wp-json\/wp\/v2\/product\/21897","targetHints":{"allow":["GET"]}}],"collection":[{"href":"https:\/\/bricoluanda.com\/en\/wp-json\/wp\/v2\/product"}],"about":[{"href":"https:\/\/bricoluanda.com\/en\/wp-json\/wp\/v2\/types\/product"}],"replies":[{"embeddable":true,"href":"https:\/\/bricoluanda.com\/en\/wp-json\/wp\/v2\/comments?post=21897"}],"wp:featuredmedia":[{"embeddable":true,"href":"https:\/\/bricoluanda.com\/en\/wp-json\/wp\/v2\/media\/21932"}],"wp:attachment":[{"href":"https:\/\/bricoluanda.com\/en\/wp-json\/wp\/v2\/media?parent=21897"}],"wp:term":[{"taxonomy":"product_brand","embeddable":true,"href":"https:\/\/bricoluanda.com\/en\/wp-json\/wp\/v2\/product_brand?post=21897"},{"taxonomy":"product_cat","embeddable":true,"href":"https:\/\/bricoluanda.com\/en\/wp-json\/wp\/v2\/product_cat?post=21897"},{"taxonomy":"product_tag","embeddable":true,"href":"https:\/\/bricoluanda.com\/en\/wp-json\/wp\/v2\/product_tag?post=21897"}],"curies":[{"name":"wp","href":"https:\/\/api.w.org\/{rel}","templated":true}]}}