{"id":21887,"date":"2026-03-24T13:28:46","date_gmt":"2026-03-24T13:28:46","guid":{"rendered":"https:\/\/bricoluanda.com\/?post_type=product&#038;p=21887"},"modified":"2026-03-24T13:28:46","modified_gmt":"2026-03-24T13:28:46","slug":"comfort-greige-25x150-love","status":"publish","type":"product","link":"https:\/\/bricoluanda.com\/en\/product\/comfort-greige-25x150-love\/","title":{"rendered":"COMFORT GREIGE 25X150 LOVE"},"content":{"rendered":"","protected":false},"excerpt":{"rendered":"<p>VENDA POR METRO QUADRADO (M2)<\/p>\n<ul>\n<li>RECOMENDADO PARA PAVIMENTOS RESIDENCIAIS OU ESPA\u00c7OS COMERCIAIS DE M\u00c9DIO \/ALTO TR\u00c1FEGO E ESPA\u00c7OS EXTERIORES QUE N\u00c3O EXIJAM CARACTER\u00cdSTICAS ANTIDERRAPANTE<\/li>\n<li>TAMANHO: 25X150 RECTIFICADO<\/li>\n<li>SUPERF\u00cdCIE COM TOQUE NATURAL<\/li>\n<li>ESPESSURA: 9MM<\/li>\n<li>MARCA: LOVE<\/li>\n<\/ul>\n<p>c\u00f3digo:\u00a0 LOVE0154<\/p>","protected":false},"featured_media":21895,"comment_status":"open","ping_status":"closed","template":"","meta":{"iawp_total_views":6},"product_brand":[219],"product_cat":[115],"product_tag":[],"class_list":{"0":"post-21887","1":"product","2":"type-product","3":"status-publish","4":"has-post-thumbnail","6":"product_brand-love","7":"product_cat-pavimentos-e-revestimentos","9":"first","10":"instock","11":"shipping-taxable","12":"purchasable","13":"product-type-simple"},"aioseo_notices":[],"_links":{"self":[{"href":"https:\/\/bricoluanda.com\/en\/wp-json\/wp\/v2\/product\/21887","targetHints":{"allow":["GET"]}}],"collection":[{"href":"https:\/\/bricoluanda.com\/en\/wp-json\/wp\/v2\/product"}],"about":[{"href":"https:\/\/bricoluanda.com\/en\/wp-json\/wp\/v2\/types\/product"}],"replies":[{"embeddable":true,"href":"https:\/\/bricoluanda.com\/en\/wp-json\/wp\/v2\/comments?post=21887"}],"wp:featuredmedia":[{"embeddable":true,"href":"https:\/\/bricoluanda.com\/en\/wp-json\/wp\/v2\/media\/21895"}],"wp:attachment":[{"href":"https:\/\/bricoluanda.com\/en\/wp-json\/wp\/v2\/media?parent=21887"}],"wp:term":[{"taxonomy":"product_brand","embeddable":true,"href":"https:\/\/bricoluanda.com\/en\/wp-json\/wp\/v2\/product_brand?post=21887"},{"taxonomy":"product_cat","embeddable":true,"href":"https:\/\/bricoluanda.com\/en\/wp-json\/wp\/v2\/product_cat?post=21887"},{"taxonomy":"product_tag","embeddable":true,"href":"https:\/\/bricoluanda.com\/en\/wp-json\/wp\/v2\/product_tag?post=21887"}],"curies":[{"name":"wp","href":"https:\/\/api.w.org\/{rel}","templated":true}]}}