{"id":21886,"date":"2026-03-24T12:59:43","date_gmt":"2026-03-24T12:59:43","guid":{"rendered":"https:\/\/bricoluanda.com\/?post_type=product&#038;p=21886"},"modified":"2026-03-25T07:56:51","modified_gmt":"2026-03-25T07:56:51","slug":"movel-suspenso-80-lavatorio-2gav-sanitana","status":"publish","type":"product","link":"https:\/\/bricoluanda.com\/en\/product\/movel-suspenso-80-lavatorio-2gav-sanitana\/","title":{"rendered":"F\u00cdCUS M\u00d3VEL SUSPENSO 80+LAVAT\u00d3RIO+2 GAVETAS SANITANA"},"content":{"rendered":"","protected":false},"excerpt":{"rendered":"<p><strong>M\u00d3VEL FICUS SUSPENSO DE 80 BRANCO<\/strong><\/p>\n<ul>\n<li>M\u00f3vel suspenso 80cm, com duas gavetas.<\/li>\n<li>Tecnologia de corredi\u00e7as ocultas com fecho amortecido (puxar para abrir).<\/li>\n<li>Compat\u00edvel com lavat\u00f3rio de encastre cer\u00e2mico Alur 81 (inclu\u00eddo).<\/li>\n<li>Na embalagem: m\u00f3vel, lavat\u00f3rio e kits de fixa\u00e7\u00e3o.<\/li>\n<li>DIMENS\u00d5ES 810 x 460 x 585 mm<\/li>\n<\/ul>\n<p>c\u00f3digo: SANITANA0447<\/p>","protected":false},"featured_media":21888,"comment_status":"open","ping_status":"closed","template":"","meta":{"iawp_total_views":3},"product_brand":[],"product_cat":[191,189],"product_tag":[],"class_list":{"0":"post-21886","1":"product","2":"type-product","3":"status-publish","4":"has-post-thumbnail","6":"product_cat-lavatorios","7":"product_cat-moveis","9":"first","10":"instock","11":"shipping-taxable","12":"purchasable","13":"product-type-simple"},"aioseo_notices":[],"_links":{"self":[{"href":"https:\/\/bricoluanda.com\/en\/wp-json\/wp\/v2\/product\/21886","targetHints":{"allow":["GET"]}}],"collection":[{"href":"https:\/\/bricoluanda.com\/en\/wp-json\/wp\/v2\/product"}],"about":[{"href":"https:\/\/bricoluanda.com\/en\/wp-json\/wp\/v2\/types\/product"}],"replies":[{"embeddable":true,"href":"https:\/\/bricoluanda.com\/en\/wp-json\/wp\/v2\/comments?post=21886"}],"wp:featuredmedia":[{"embeddable":true,"href":"https:\/\/bricoluanda.com\/en\/wp-json\/wp\/v2\/media\/21888"}],"wp:attachment":[{"href":"https:\/\/bricoluanda.com\/en\/wp-json\/wp\/v2\/media?parent=21886"}],"wp:term":[{"taxonomy":"product_brand","embeddable":true,"href":"https:\/\/bricoluanda.com\/en\/wp-json\/wp\/v2\/product_brand?post=21886"},{"taxonomy":"product_cat","embeddable":true,"href":"https:\/\/bricoluanda.com\/en\/wp-json\/wp\/v2\/product_cat?post=21886"},{"taxonomy":"product_tag","embeddable":true,"href":"https:\/\/bricoluanda.com\/en\/wp-json\/wp\/v2\/product_tag?post=21886"}],"curies":[{"name":"wp","href":"https:\/\/api.w.org\/{rel}","templated":true}]}}