{"id":21876,"date":"2026-03-24T13:27:06","date_gmt":"2026-03-24T13:27:06","guid":{"rendered":"https:\/\/bricoluanda.com\/?post_type=product&#038;p=21876"},"modified":"2026-03-24T15:36:47","modified_gmt":"2026-03-24T15:36:47","slug":"pack-sanita-polo-roca","status":"publish","type":"product","link":"https:\/\/bricoluanda.com\/en\/product\/pack-sanita-polo-roca\/","title":{"rendered":"POLO PACK SANITA ROCA"},"content":{"rendered":"","protected":false},"excerpt":{"rendered":"<p>INCLUI SANITA+TANQUE+TAMPO<\/p>\n<ul>\n<li>Marca: Roca ZOOM<\/li>\n<li>Dep\u00f3sito de alimenta\u00e7\u00e3o: Por baixo \u00e0 esquerda<\/li>\n<li>Dist\u00e2ncia parede \/sif\u00e3o: 21 cm<\/li>\n<li>V\u00e1lvula de corte de \u00e1gua inclu\u00edda: N\u00e3o<\/li>\n<li>Fixa\u00e7\u00f5es ao solo inclu\u00eddas: Sim<\/li>\n<li>Mecanismo de autoclismo: Fornecido<\/li>\n<li>Tipo de sa\u00edda: Vertical<\/li>\n<li>Volume do tanque: 6 litros<\/li>\n<li>Altura: 39 cm<\/li>\n<li>Largura: 36 cm<\/li>\n<li>Profundidade: 66.5<\/li>\n<li>Peso: 30.7 kg<\/li>\n<li>Material principal: Porcelana envidra\u00e7ada<\/li>\n<li>Cor: Branco<\/li>\n<li>Marca: Roca ZOOM<\/li>\n<li>Dep\u00f3sito de alimenta\u00e7\u00e3o: Por baixo \u00e0 esquerda<\/li>\n<li>Dist\u00e2ncia parede \/sif\u00e3o: 21 cm<\/li>\n<li>V\u00e1lvula de corte de \u00e1gua inclu\u00edda: N\u00e3o<\/li>\n<li>Fixa\u00e7\u00f5es ao solo inclu\u00eddas: Sim<\/li>\n<li>Mecanismo de autoclismo: Fornecido<\/li>\n<li>Tipo de sa\u00edda: Vertical<\/li>\n<li>Volume do tanque: 6 litros<\/li>\n<li>Altura: 39 cm<\/li>\n<li>Largura: 36 cm<\/li>\n<li>Profundidade: 66.5<\/li>\n<li>Peso: 30.7 kg<\/li>\n<li>Material principal: Porcelana envidra\u00e7ada<\/li>\n<li>Cor: Branco<\/li>\n<\/ul>\n<p>c\u00f3digo: ROCAS0048<\/p>","protected":false},"featured_media":21899,"comment_status":"open","ping_status":"closed","template":"","meta":{"iawp_total_views":4},"product_brand":[220],"product_cat":[75],"product_tag":[],"class_list":{"0":"post-21876","1":"product","2":"type-product","3":"status-publish","4":"has-post-thumbnail","6":"product_brand-roca","7":"product_cat-sanitas-e-bide","9":"first","10":"instock","11":"shipping-taxable","12":"purchasable","13":"product-type-simple"},"aioseo_notices":[],"_links":{"self":[{"href":"https:\/\/bricoluanda.com\/en\/wp-json\/wp\/v2\/product\/21876","targetHints":{"allow":["GET"]}}],"collection":[{"href":"https:\/\/bricoluanda.com\/en\/wp-json\/wp\/v2\/product"}],"about":[{"href":"https:\/\/bricoluanda.com\/en\/wp-json\/wp\/v2\/types\/product"}],"replies":[{"embeddable":true,"href":"https:\/\/bricoluanda.com\/en\/wp-json\/wp\/v2\/comments?post=21876"}],"wp:featuredmedia":[{"embeddable":true,"href":"https:\/\/bricoluanda.com\/en\/wp-json\/wp\/v2\/media\/21899"}],"wp:attachment":[{"href":"https:\/\/bricoluanda.com\/en\/wp-json\/wp\/v2\/media?parent=21876"}],"wp:term":[{"taxonomy":"product_brand","embeddable":true,"href":"https:\/\/bricoluanda.com\/en\/wp-json\/wp\/v2\/product_brand?post=21876"},{"taxonomy":"product_cat","embeddable":true,"href":"https:\/\/bricoluanda.com\/en\/wp-json\/wp\/v2\/product_cat?post=21876"},{"taxonomy":"product_tag","embeddable":true,"href":"https:\/\/bricoluanda.com\/en\/wp-json\/wp\/v2\/product_tag?post=21876"}],"curies":[{"name":"wp","href":"https:\/\/api.w.org\/{rel}","templated":true}]}}