{"id":21839,"date":"2026-03-24T10:20:56","date_gmt":"2026-03-24T10:20:56","guid":{"rendered":"https:\/\/bricoluanda.com\/?post_type=product&#038;p=21839"},"modified":"2026-03-24T10:20:56","modified_gmt":"2026-03-24T10:20:56","slug":"inspira-square-sanitatanquetampo-roca","status":"publish","type":"product","link":"https:\/\/bricoluanda.com\/en\/product\/inspira-square-sanitatanquetampo-roca\/","title":{"rendered":"INSPIRA SQUARE SANITA+TANQUE+TAMPO ROCA"},"content":{"rendered":"","protected":false},"excerpt":{"rendered":"<ul>\n<li>Comprimento 375 mm<\/li>\n<li>Largura 645 mm<\/li>\n<li>Altura 794 mm<\/li>\n<li>Conjunto de fixa\u00e7\u00f5es: Inclu\u00eddo<\/li>\n<li>Encostado \u00e0 parede<\/li>\n<li>Forma: Quadrado<\/li>\n<li>Manguito de evacua\u00e7\u00e3o inclu\u00eddo<\/li>\n<li>Peso KG: 37<\/li>\n<li>Sistema de descarga: Arraste<\/li>\n<li>Tipo de arco: Fechada<\/li>\n<li>Tipo de instala\u00e7\u00e3o: De p\u00e9<\/li>\n<li>Tipo de sa\u00edda: Dual (vario)<\/li>\n<\/ul>\n<p>c\u00f3digo: ROCAS0136\/0088\/0089<\/p>","protected":false},"featured_media":21855,"comment_status":"open","ping_status":"closed","template":"","meta":{"iawp_total_views":2},"product_brand":[220],"product_cat":[75],"product_tag":[],"class_list":{"0":"post-21839","1":"product","2":"type-product","3":"status-publish","4":"has-post-thumbnail","6":"product_brand-roca","7":"product_cat-sanitas-e-bide","9":"first","10":"instock","11":"shipping-taxable","12":"purchasable","13":"product-type-simple"},"aioseo_notices":[],"_links":{"self":[{"href":"https:\/\/bricoluanda.com\/en\/wp-json\/wp\/v2\/product\/21839","targetHints":{"allow":["GET"]}}],"collection":[{"href":"https:\/\/bricoluanda.com\/en\/wp-json\/wp\/v2\/product"}],"about":[{"href":"https:\/\/bricoluanda.com\/en\/wp-json\/wp\/v2\/types\/product"}],"replies":[{"embeddable":true,"href":"https:\/\/bricoluanda.com\/en\/wp-json\/wp\/v2\/comments?post=21839"}],"wp:featuredmedia":[{"embeddable":true,"href":"https:\/\/bricoluanda.com\/en\/wp-json\/wp\/v2\/media\/21855"}],"wp:attachment":[{"href":"https:\/\/bricoluanda.com\/en\/wp-json\/wp\/v2\/media?parent=21839"}],"wp:term":[{"taxonomy":"product_brand","embeddable":true,"href":"https:\/\/bricoluanda.com\/en\/wp-json\/wp\/v2\/product_brand?post=21839"},{"taxonomy":"product_cat","embeddable":true,"href":"https:\/\/bricoluanda.com\/en\/wp-json\/wp\/v2\/product_cat?post=21839"},{"taxonomy":"product_tag","embeddable":true,"href":"https:\/\/bricoluanda.com\/en\/wp-json\/wp\/v2\/product_tag?post=21839"}],"curies":[{"name":"wp","href":"https:\/\/api.w.org\/{rel}","templated":true}]}}