{"id":21828,"date":"2026-03-24T09:05:03","date_gmt":"2026-03-24T09:05:03","guid":{"rendered":"https:\/\/bricoluanda.com\/?post_type=product&#038;p=21828"},"modified":"2026-03-27T07:14:19","modified_gmt":"2026-03-27T07:14:19","slug":"lavatorio-nexo-50-canto-sanitana","status":"publish","type":"product","link":"https:\/\/bricoluanda.com\/en\/product\/lavatorio-nexo-50-canto-sanitana\/","title":{"rendered":"NEXO 50 CANTO LAVAT\u00d3RIO SANITANA"},"content":{"rendered":"","protected":false},"excerpt":{"rendered":"<p><strong>NEXO 50 CANTO LAVAT\u00d3RIO CER\u00c2MICO<\/strong><\/p>\n<ul>\n<li>N\u00c3O INCLUI O MONOCOMANDO<\/li>\n<li>LAVAT\u00d3RIO MURAL OU DE POUSAR COM FURO ABERTO PARA MONOCOMANDO<\/li>\n<li>PROVIDO DE FURO LADR\u00c3O<\/li>\n<li>KIT DE FIXA\u00c7\u00c3O INCLUIDO<\/li>\n<li>PESO 13.5KG<\/li>\n<li>DIMENS\u00d5ES (50x54x17mm)<\/li>\n<\/ul>\n<p>c\u00f3digo: SANITANA0053<\/p>","protected":false},"featured_media":21831,"comment_status":"open","ping_status":"closed","template":"","meta":{"iawp_total_views":3},"product_brand":[215],"product_cat":[191],"product_tag":[],"class_list":{"0":"post-21828","1":"product","2":"type-product","3":"status-publish","4":"has-post-thumbnail","6":"product_brand-sanitana","7":"product_cat-lavatorios","9":"first","10":"instock","11":"shipping-taxable","12":"purchasable","13":"product-type-simple"},"aioseo_notices":[],"_links":{"self":[{"href":"https:\/\/bricoluanda.com\/en\/wp-json\/wp\/v2\/product\/21828","targetHints":{"allow":["GET"]}}],"collection":[{"href":"https:\/\/bricoluanda.com\/en\/wp-json\/wp\/v2\/product"}],"about":[{"href":"https:\/\/bricoluanda.com\/en\/wp-json\/wp\/v2\/types\/product"}],"replies":[{"embeddable":true,"href":"https:\/\/bricoluanda.com\/en\/wp-json\/wp\/v2\/comments?post=21828"}],"wp:featuredmedia":[{"embeddable":true,"href":"https:\/\/bricoluanda.com\/en\/wp-json\/wp\/v2\/media\/21831"}],"wp:attachment":[{"href":"https:\/\/bricoluanda.com\/en\/wp-json\/wp\/v2\/media?parent=21828"}],"wp:term":[{"taxonomy":"product_brand","embeddable":true,"href":"https:\/\/bricoluanda.com\/en\/wp-json\/wp\/v2\/product_brand?post=21828"},{"taxonomy":"product_cat","embeddable":true,"href":"https:\/\/bricoluanda.com\/en\/wp-json\/wp\/v2\/product_cat?post=21828"},{"taxonomy":"product_tag","embeddable":true,"href":"https:\/\/bricoluanda.com\/en\/wp-json\/wp\/v2\/product_tag?post=21828"}],"curies":[{"name":"wp","href":"https:\/\/api.w.org\/{rel}","templated":true}]}}