{"id":21827,"date":"2026-03-24T09:08:52","date_gmt":"2026-03-24T09:08:52","guid":{"rendered":"https:\/\/bricoluanda.com\/?post_type=product&#038;p=21827"},"modified":"2026-03-24T14:21:02","modified_gmt":"2026-03-24T14:21:02","slug":"prestige-calacatta-pt1-60x60","status":"publish","type":"product","link":"https:\/\/bricoluanda.com\/en\/product\/prestige-calacatta-pt1-60x60\/","title":{"rendered":"PRESTIGE CALACATTA PT1 60X60 MARGRES"},"content":{"rendered":"","protected":false},"excerpt":{"rendered":"<p>VENDA POR METRO QUADRADO (M2)<\/p>\n<ul>\n<li>RECOMENDADO PARA PAVIMENTOS DE ESPA\u00c7OS RESIDENCIAIS INTERIORES OU ESPA\u00c7OS COMERCIAIS DE BAIXO TR\u00c1FEGO \/ CH\u00c3O<\/li>\n<li>TAMANHO: 60X60 RECTIFICADO<\/li>\n<li>SUPERF\u00cdCIE COM ASPETO BASTANTE BRILHANTE<\/li>\n<li>ESPESSURA: 8.5MM<\/li>\n<li>MARCA: MARGRES<\/li>\n<\/ul>\n<p>c\u00f3digo:\u00a0 LOVE0125<\/p>","protected":false},"featured_media":21929,"comment_status":"open","ping_status":"closed","template":"","meta":{"iawp_total_views":4},"product_brand":[219,221],"product_cat":[115],"product_tag":[],"class_list":{"0":"post-21827","1":"product","2":"type-product","3":"status-publish","4":"has-post-thumbnail","6":"product_brand-love","7":"product_brand-margres","8":"product_cat-pavimentos-e-revestimentos","10":"first","11":"instock","12":"shipping-taxable","13":"purchasable","14":"product-type-simple"},"aioseo_notices":[],"_links":{"self":[{"href":"https:\/\/bricoluanda.com\/en\/wp-json\/wp\/v2\/product\/21827","targetHints":{"allow":["GET"]}}],"collection":[{"href":"https:\/\/bricoluanda.com\/en\/wp-json\/wp\/v2\/product"}],"about":[{"href":"https:\/\/bricoluanda.com\/en\/wp-json\/wp\/v2\/types\/product"}],"replies":[{"embeddable":true,"href":"https:\/\/bricoluanda.com\/en\/wp-json\/wp\/v2\/comments?post=21827"}],"wp:featuredmedia":[{"embeddable":true,"href":"https:\/\/bricoluanda.com\/en\/wp-json\/wp\/v2\/media\/21929"}],"wp:attachment":[{"href":"https:\/\/bricoluanda.com\/en\/wp-json\/wp\/v2\/media?parent=21827"}],"wp:term":[{"taxonomy":"product_brand","embeddable":true,"href":"https:\/\/bricoluanda.com\/en\/wp-json\/wp\/v2\/product_brand?post=21827"},{"taxonomy":"product_cat","embeddable":true,"href":"https:\/\/bricoluanda.com\/en\/wp-json\/wp\/v2\/product_cat?post=21827"},{"taxonomy":"product_tag","embeddable":true,"href":"https:\/\/bricoluanda.com\/en\/wp-json\/wp\/v2\/product_tag?post=21827"}],"curies":[{"name":"wp","href":"https:\/\/api.w.org\/{rel}","templated":true}]}}