{"id":21795,"date":"2026-03-24T08:11:10","date_gmt":"2026-03-24T08:11:10","guid":{"rendered":"https:\/\/bricoluanda.com\/?post_type=product&#038;p=21795"},"modified":"2026-03-24T08:11:10","modified_gmt":"2026-03-24T08:11:10","slug":"polo-lavatorio-56-branco-roca","status":"publish","type":"product","link":"https:\/\/bricoluanda.com\/en\/product\/polo-lavatorio-56-branco-roca\/","title":{"rendered":"POLO LAVATORIO 56 BRANCO ROCA"},"content":{"rendered":"","protected":false},"excerpt":{"rendered":"<ul>\n<li>N\u00e3o inclui coluna<\/li>\n<li>Durabilidade e resist\u00eancia: Fabricado com materiais de alta qualidade, este lavat\u00f3rio \u00e9 resistente ao desgaste e \u00e0 humidade, garantindo uma longa vida \u00fatil.<\/li>\n<li>F\u00e1cil de limpar: A sua superf\u00edcie lisa e de alta qualidade torna a limpeza e manuten\u00e7\u00e3o di\u00e1rias extremamente simples.<\/li>\n<\/ul>\n<p><strong>Caracter\u00edsticas T\u00e9cnicas:<\/strong><\/p>\n<ul>\n<li>Marca: Roca;<\/li>\n<li>Cor: Branco;<\/li>\n<li>Material: Cer\u00e2mica;<\/li>\n<li>Tipo de instala\u00e7\u00e3o: Mural;<\/li>\n<li>Posi\u00e7\u00e3o da cuba: Central;<\/li>\n<li>Kit fixa\u00e7\u00e3o: Inclu\u00eddo;<\/li>\n<li>Com orif\u00edcio para torneira;<\/li>\n<li>Dimens\u00f5es: 560 x 450 x 210 mm;<\/li>\n<\/ul>\n<p>c\u00f3digo: ROCAS0030<\/p>","protected":false},"featured_media":21796,"comment_status":"open","ping_status":"closed","template":"","meta":{"iawp_total_views":1},"product_brand":[220],"product_cat":[191],"product_tag":[],"class_list":{"0":"post-21795","1":"product","2":"type-product","3":"status-publish","4":"has-post-thumbnail","6":"product_brand-roca","7":"product_cat-lavatorios","9":"first","10":"instock","11":"shipping-taxable","12":"purchasable","13":"product-type-simple"},"aioseo_notices":[],"_links":{"self":[{"href":"https:\/\/bricoluanda.com\/en\/wp-json\/wp\/v2\/product\/21795","targetHints":{"allow":["GET"]}}],"collection":[{"href":"https:\/\/bricoluanda.com\/en\/wp-json\/wp\/v2\/product"}],"about":[{"href":"https:\/\/bricoluanda.com\/en\/wp-json\/wp\/v2\/types\/product"}],"replies":[{"embeddable":true,"href":"https:\/\/bricoluanda.com\/en\/wp-json\/wp\/v2\/comments?post=21795"}],"wp:featuredmedia":[{"embeddable":true,"href":"https:\/\/bricoluanda.com\/en\/wp-json\/wp\/v2\/media\/21796"}],"wp:attachment":[{"href":"https:\/\/bricoluanda.com\/en\/wp-json\/wp\/v2\/media?parent=21795"}],"wp:term":[{"taxonomy":"product_brand","embeddable":true,"href":"https:\/\/bricoluanda.com\/en\/wp-json\/wp\/v2\/product_brand?post=21795"},{"taxonomy":"product_cat","embeddable":true,"href":"https:\/\/bricoluanda.com\/en\/wp-json\/wp\/v2\/product_cat?post=21795"},{"taxonomy":"product_tag","embeddable":true,"href":"https:\/\/bricoluanda.com\/en\/wp-json\/wp\/v2\/product_tag?post=21795"}],"curies":[{"name":"wp","href":"https:\/\/api.w.org\/{rel}","templated":true}]}}