{"id":21750,"date":"2026-03-21T10:26:16","date_gmt":"2026-03-21T10:26:16","guid":{"rendered":"https:\/\/bricoluanda.com\/?post_type=product&#038;p=21750"},"modified":"2026-03-24T07:46:23","modified_gmt":"2026-03-24T07:46:23","slug":"lamina-vertical-ceramica-t150-bosch","status":"publish","type":"product","link":"https:\/\/bricoluanda.com\/en\/product\/lamina-vertical-ceramica-t150-bosch\/","title":{"rendered":"LAMINA VERTICAL CERAMICA T150 BOSCH"},"content":{"rendered":"","protected":false},"excerpt":{"rendered":"<ul>\n<li>Alta precis\u00e3o no corte limpo de azulejos macios<\/li>\n<li>Corte limpo e de alta qualidade com a Bosch Diamond Technology<\/li>\n<li>Gr\u00e3o fino de diamante para um acabamento extra limpo<\/li>\n<li>Compat\u00edvel com todas as serras verticais de encabadouro em T<\/li>\n<\/ul>\n<p>\u00c0s vezes, tens de fazer um ajuste fino num azulejo e uma rebarbadora \u00e9 uma ferramenta demasiado bruta para o trabalho. Com o EXPERT &#8216;Soft Tile Clean&#8217; podes usar uma serra vertical e desfrutar do controlo fino e da precis\u00e3o que isso implica.<\/p>\n<p>Se te est\u00e1s a perguntar como fazer cortes finos e precisos em azulejos com uma rebarbadora, n\u00e3o te perguntes mais. A l\u00e2mina de serra vertical Bosch EXPERT \u2018Soft Tile Clean\u2019 oferece um corte sem lascar para o mais elevado padr\u00e3o de acabamento.<\/p>\n<p>c\u00f3digo: BOSCH0088<\/p>","protected":false},"featured_media":21754,"comment_status":"open","ping_status":"closed","template":"","meta":{"iawp_total_views":4},"product_brand":[218],"product_cat":[204],"product_tag":[],"class_list":{"0":"post-21750","1":"product","2":"type-product","3":"status-publish","4":"has-post-thumbnail","6":"product_brand-bosch","7":"product_cat-ferramentas","9":"first","10":"instock","11":"shipping-taxable","12":"purchasable","13":"product-type-simple"},"aioseo_notices":[],"_links":{"self":[{"href":"https:\/\/bricoluanda.com\/en\/wp-json\/wp\/v2\/product\/21750","targetHints":{"allow":["GET"]}}],"collection":[{"href":"https:\/\/bricoluanda.com\/en\/wp-json\/wp\/v2\/product"}],"about":[{"href":"https:\/\/bricoluanda.com\/en\/wp-json\/wp\/v2\/types\/product"}],"replies":[{"embeddable":true,"href":"https:\/\/bricoluanda.com\/en\/wp-json\/wp\/v2\/comments?post=21750"}],"wp:featuredmedia":[{"embeddable":true,"href":"https:\/\/bricoluanda.com\/en\/wp-json\/wp\/v2\/media\/21754"}],"wp:attachment":[{"href":"https:\/\/bricoluanda.com\/en\/wp-json\/wp\/v2\/media?parent=21750"}],"wp:term":[{"taxonomy":"product_brand","embeddable":true,"href":"https:\/\/bricoluanda.com\/en\/wp-json\/wp\/v2\/product_brand?post=21750"},{"taxonomy":"product_cat","embeddable":true,"href":"https:\/\/bricoluanda.com\/en\/wp-json\/wp\/v2\/product_cat?post=21750"},{"taxonomy":"product_tag","embeddable":true,"href":"https:\/\/bricoluanda.com\/en\/wp-json\/wp\/v2\/product_tag?post=21750"}],"curies":[{"name":"wp","href":"https:\/\/api.w.org\/{rel}","templated":true}]}}