{"id":21742,"date":"2026-03-21T10:20:20","date_gmt":"2026-03-21T10:20:20","guid":{"rendered":"https:\/\/bricoluanda.com\/?post_type=product&#038;p=21742"},"modified":"2026-03-24T15:56:32","modified_gmt":"2026-03-24T15:56:32","slug":"movel-tenue-unik-80-com-lavatorio-roca","status":"publish","type":"product","link":"https:\/\/bricoluanda.com\/en\/product\/movel-tenue-unik-80-com-lavatorio-roca\/","title":{"rendered":"TENUE UNIK MOVEL 80 COM LAVATORIO ROCA"},"content":{"rendered":"","protected":false},"excerpt":{"rendered":"<ul>\n<li>A forma da pia: Soft<\/li>\n<li>Lavat\u00f3rio \/ Orif\u00edcios para torneira: 1 Or\u00edfico no centro<\/li>\n<li>Lavat\u00f3rio \/ Posi\u00e7\u00e3o da prateleira: Em ambos os lados<\/li>\n<li>Material \/ Lavat\u00f3rio: Porcelana<\/li>\n<li>Material \/ M\u00f3vel base: Lacado<\/li>\n<li>Medidas \/ Lavat\u00f3rio e m\u00f3vel \/ Altura (mm): 650<\/li>\n<li>Medidas \/ Lavat\u00f3rio e m\u00f3vel \/ Comprimento (mm): 810<\/li>\n<li>Medidas\/ Lavat\u00f3rio e m\u00f3vel \/ Largura (mm): 460<\/li>\n<li>M\u00f3vel base \/ Combina\u00e7\u00e3o de portas e gavetas: 2 Gavetas<\/li>\n<li>M\u00f3vel base \/ Sistema de abertura e fecho: Gavetas com fecho suave<\/li>\n<li>Posi\u00e7\u00e3o do lavat\u00f3rio: Centro<\/li>\n<li>Tipo de instala\u00e7\u00e3o: Suspenso<\/li>\n<\/ul>\n<p>c\u00f3digo: ROCAS0156<\/p>","protected":false},"featured_media":21744,"comment_status":"open","ping_status":"closed","template":"","meta":{"iawp_total_views":3},"product_brand":[220],"product_cat":[191,189],"product_tag":[],"class_list":{"0":"post-21742","1":"product","2":"type-product","3":"status-publish","4":"has-post-thumbnail","6":"product_brand-roca","7":"product_cat-lavatorios","8":"product_cat-moveis","10":"first","11":"instock","12":"shipping-taxable","13":"purchasable","14":"product-type-simple"},"aioseo_notices":[],"_links":{"self":[{"href":"https:\/\/bricoluanda.com\/en\/wp-json\/wp\/v2\/product\/21742","targetHints":{"allow":["GET"]}}],"collection":[{"href":"https:\/\/bricoluanda.com\/en\/wp-json\/wp\/v2\/product"}],"about":[{"href":"https:\/\/bricoluanda.com\/en\/wp-json\/wp\/v2\/types\/product"}],"replies":[{"embeddable":true,"href":"https:\/\/bricoluanda.com\/en\/wp-json\/wp\/v2\/comments?post=21742"}],"wp:featuredmedia":[{"embeddable":true,"href":"https:\/\/bricoluanda.com\/en\/wp-json\/wp\/v2\/media\/21744"}],"wp:attachment":[{"href":"https:\/\/bricoluanda.com\/en\/wp-json\/wp\/v2\/media?parent=21742"}],"wp:term":[{"taxonomy":"product_brand","embeddable":true,"href":"https:\/\/bricoluanda.com\/en\/wp-json\/wp\/v2\/product_brand?post=21742"},{"taxonomy":"product_cat","embeddable":true,"href":"https:\/\/bricoluanda.com\/en\/wp-json\/wp\/v2\/product_cat?post=21742"},{"taxonomy":"product_tag","embeddable":true,"href":"https:\/\/bricoluanda.com\/en\/wp-json\/wp\/v2\/product_tag?post=21742"}],"curies":[{"name":"wp","href":"https:\/\/api.w.org\/{rel}","templated":true}]}}