{"id":21741,"date":"2026-03-21T10:05:00","date_gmt":"2026-03-21T10:05:00","guid":{"rendered":"https:\/\/bricoluanda.com\/?post_type=product&#038;p=21741"},"modified":"2026-03-24T07:42:35","modified_gmt":"2026-03-24T07:42:35","slug":"pistola-de-cola-gkp-200-ce-bosch","status":"publish","type":"product","link":"https:\/\/bricoluanda.com\/en\/product\/pistola-de-cola-gkp-200-ce-bosch\/","title":{"rendered":"PISTOLA DE COLA GKP 200 CE BOSCH"},"content":{"rendered":"","protected":false},"excerpt":{"rendered":"<p class=\"bba--hl2 bba--problue m-a-product_highlights__headline\"><strong>GKP 200 CE Professional: Outras informa\u00e7\u00f5es<\/strong><\/p>\n<p class=\"bba--big m-a-product_highlights__description\">A pistola de colar com fio GKP 200 CE Professional oferece elevado desempenho e excelente flexibilidade. Inclui dois elementos de aquecimento regulados eletronicamente para aquecimento r\u00e1pido em cinco minutos e mant\u00e9m uma temperatura de trabalho constante. A capacidade de colagem da pistola \u00e9 de 20 g\/min permitindo um progresso r\u00e1pido do trabalho com elevado poder adesivo. Al\u00e9m disso, o trabalho sem fios \u00e9 poss\u00edvel gra\u00e7as ao seu cabo amov\u00edvel, acrescentando um novo n\u00edvel de mobilidade durante a utiliza\u00e7\u00e3o. Esta ferramenta destina-se a colar uma variedade de materiais.<\/p>\n<p class=\"bba--problue bba--fw-bold bba--big m-a-product_highlights__space\"><strong>Equipamento e aplica\u00e7\u00e3o<\/strong><\/p>\n<p class=\"bba--big m-a-product_highlights__description\">A GKP 200 CE Professional tamb\u00e9m disp\u00f5e de um bico substitu\u00edvel e de velocidade vari\u00e1vel.<\/p>","protected":false},"featured_media":21746,"comment_status":"open","ping_status":"closed","template":"","meta":{"iawp_total_views":2},"product_brand":[218],"product_cat":[205],"product_tag":[],"class_list":{"0":"post-21741","1":"product","2":"type-product","3":"status-publish","4":"has-post-thumbnail","6":"product_brand-bosch","7":"product_cat-maquinas","9":"first","10":"instock","11":"shipping-taxable","12":"purchasable","13":"product-type-simple"},"aioseo_notices":[],"_links":{"self":[{"href":"https:\/\/bricoluanda.com\/en\/wp-json\/wp\/v2\/product\/21741","targetHints":{"allow":["GET"]}}],"collection":[{"href":"https:\/\/bricoluanda.com\/en\/wp-json\/wp\/v2\/product"}],"about":[{"href":"https:\/\/bricoluanda.com\/en\/wp-json\/wp\/v2\/types\/product"}],"replies":[{"embeddable":true,"href":"https:\/\/bricoluanda.com\/en\/wp-json\/wp\/v2\/comments?post=21741"}],"wp:featuredmedia":[{"embeddable":true,"href":"https:\/\/bricoluanda.com\/en\/wp-json\/wp\/v2\/media\/21746"}],"wp:attachment":[{"href":"https:\/\/bricoluanda.com\/en\/wp-json\/wp\/v2\/media?parent=21741"}],"wp:term":[{"taxonomy":"product_brand","embeddable":true,"href":"https:\/\/bricoluanda.com\/en\/wp-json\/wp\/v2\/product_brand?post=21741"},{"taxonomy":"product_cat","embeddable":true,"href":"https:\/\/bricoluanda.com\/en\/wp-json\/wp\/v2\/product_cat?post=21741"},{"taxonomy":"product_tag","embeddable":true,"href":"https:\/\/bricoluanda.com\/en\/wp-json\/wp\/v2\/product_tag?post=21741"}],"curies":[{"name":"wp","href":"https:\/\/api.w.org\/{rel}","templated":true}]}}