{"id":21737,"date":"2026-03-21T09:54:05","date_gmt":"2026-03-21T09:54:05","guid":{"rendered":"https:\/\/bricoluanda.com\/?post_type=product&#038;p=21737"},"modified":"2026-03-24T07:48:39","modified_gmt":"2026-03-24T07:48:39","slug":"plaina-gho-40-82-c-bosch","status":"publish","type":"product","link":"https:\/\/bricoluanda.com\/en\/product\/plaina-gho-40-82-c-bosch\/","title":{"rendered":"PLAINA GHO 40-82 C BOSCH"},"content":{"rendered":"","protected":false},"excerpt":{"rendered":"<div class=\"o-gt-stage__intro\">\n<p class=\"bba bba--hl4\"><strong>PRO GHO 40 &#8211; 82 C<\/strong><\/p>\n<\/div>\n<div class=\"o-gt-stage__info\">\n<ul>\n<li class=\"bba bba--medium\">A velocidade constante e as l\u00e2minas ultra-afiadas produzem uma elevada qualidade da superf\u00edcie<\/li>\n<li class=\"bba bba--medium\">Ajuste f\u00e1cil da profundidade para um trabalho r\u00e1pido e pr\u00e1tico<\/li>\n<li class=\"bba bba--medium\">O apoio de rolamento preciso em alum\u00ednio e a prote\u00e7\u00e3o termodin\u00e2mica do motor garantem uma vida \u00fatil impressionantemente longa<\/li>\n<\/ul>\n<p>c\u00f3digo: BOSCH0072<\/p>\n<\/div>","protected":false},"featured_media":21740,"comment_status":"open","ping_status":"closed","template":"","meta":{"iawp_total_views":3},"product_brand":[218],"product_cat":[205],"product_tag":[],"class_list":{"0":"post-21737","1":"product","2":"type-product","3":"status-publish","4":"has-post-thumbnail","6":"product_brand-bosch","7":"product_cat-maquinas","9":"first","10":"instock","11":"shipping-taxable","12":"purchasable","13":"product-type-simple"},"aioseo_notices":[],"_links":{"self":[{"href":"https:\/\/bricoluanda.com\/en\/wp-json\/wp\/v2\/product\/21737","targetHints":{"allow":["GET"]}}],"collection":[{"href":"https:\/\/bricoluanda.com\/en\/wp-json\/wp\/v2\/product"}],"about":[{"href":"https:\/\/bricoluanda.com\/en\/wp-json\/wp\/v2\/types\/product"}],"replies":[{"embeddable":true,"href":"https:\/\/bricoluanda.com\/en\/wp-json\/wp\/v2\/comments?post=21737"}],"wp:featuredmedia":[{"embeddable":true,"href":"https:\/\/bricoluanda.com\/en\/wp-json\/wp\/v2\/media\/21740"}],"wp:attachment":[{"href":"https:\/\/bricoluanda.com\/en\/wp-json\/wp\/v2\/media?parent=21737"}],"wp:term":[{"taxonomy":"product_brand","embeddable":true,"href":"https:\/\/bricoluanda.com\/en\/wp-json\/wp\/v2\/product_brand?post=21737"},{"taxonomy":"product_cat","embeddable":true,"href":"https:\/\/bricoluanda.com\/en\/wp-json\/wp\/v2\/product_cat?post=21737"},{"taxonomy":"product_tag","embeddable":true,"href":"https:\/\/bricoluanda.com\/en\/wp-json\/wp\/v2\/product_tag?post=21737"}],"curies":[{"name":"wp","href":"https:\/\/api.w.org\/{rel}","templated":true}]}}