{"id":21721,"date":"2026-03-21T09:28:19","date_gmt":"2026-03-21T09:28:19","guid":{"rendered":"https:\/\/bricoluanda.com\/?post_type=product&#038;p=21721"},"modified":"2026-03-21T09:28:19","modified_gmt":"2026-03-21T09:28:19","slug":"marble-white-shine-79x79-love","status":"publish","type":"product","link":"https:\/\/bricoluanda.com\/en\/product\/marble-white-shine-79x79-love\/","title":{"rendered":"MARBLE WHITE SHINE 79X79 LOVE"},"content":{"rendered":"","protected":false},"excerpt":{"rendered":"<p>VENDA POR METRO QUADRADO (M2)<\/p>\n<ul>\n<li>RECOMENDADO PARA PAVIMENTOS DE ESPA\u00c7OS RESIDENCIAIS INTERIORES OU ESPA\u00c7OS COMERCIAIS DE BAIXO TR\u00c1FEGO \/ CH\u00c3O<\/li>\n<li>TAMANHO: 79X79 RECTIFICADO<\/li>\n<li>SUPERF\u00cdCIE COM ASPETO BASTANTE BRILHANTE<\/li>\n<li>ESPESSURA: 8.5MM<\/li>\n<li>MARCA: LOVE<\/li>\n<\/ul>\n<p>c\u00f3digo:\u00a0 LOVE0152<\/p>\n<p>&nbsp;<\/p>","protected":false},"featured_media":21730,"comment_status":"open","ping_status":"closed","template":"","meta":{"iawp_total_views":3},"product_brand":[219],"product_cat":[115],"product_tag":[],"class_list":{"0":"post-21721","1":"product","2":"type-product","3":"status-publish","4":"has-post-thumbnail","6":"product_brand-love","7":"product_cat-pavimentos-e-revestimentos","9":"first","10":"instock","11":"shipping-taxable","12":"purchasable","13":"product-type-simple"},"aioseo_notices":[],"_links":{"self":[{"href":"https:\/\/bricoluanda.com\/en\/wp-json\/wp\/v2\/product\/21721","targetHints":{"allow":["GET"]}}],"collection":[{"href":"https:\/\/bricoluanda.com\/en\/wp-json\/wp\/v2\/product"}],"about":[{"href":"https:\/\/bricoluanda.com\/en\/wp-json\/wp\/v2\/types\/product"}],"replies":[{"embeddable":true,"href":"https:\/\/bricoluanda.com\/en\/wp-json\/wp\/v2\/comments?post=21721"}],"wp:featuredmedia":[{"embeddable":true,"href":"https:\/\/bricoluanda.com\/en\/wp-json\/wp\/v2\/media\/21730"}],"wp:attachment":[{"href":"https:\/\/bricoluanda.com\/en\/wp-json\/wp\/v2\/media?parent=21721"}],"wp:term":[{"taxonomy":"product_brand","embeddable":true,"href":"https:\/\/bricoluanda.com\/en\/wp-json\/wp\/v2\/product_brand?post=21721"},{"taxonomy":"product_cat","embeddable":true,"href":"https:\/\/bricoluanda.com\/en\/wp-json\/wp\/v2\/product_cat?post=21721"},{"taxonomy":"product_tag","embeddable":true,"href":"https:\/\/bricoluanda.com\/en\/wp-json\/wp\/v2\/product_tag?post=21721"}],"curies":[{"name":"wp","href":"https:\/\/api.w.org\/{rel}","templated":true}]}}