{"id":21699,"date":"2026-03-21T08:25:12","date_gmt":"2026-03-21T08:25:12","guid":{"rendered":"https:\/\/bricoluanda.com\/?post_type=product&#038;p=21699"},"modified":"2026-03-24T15:58:27","modified_gmt":"2026-03-24T15:58:27","slug":"movel-tenet-80-suspenso-conjunto-roca","status":"publish","type":"product","link":"https:\/\/bricoluanda.com\/en\/product\/movel-tenet-80-suspenso-conjunto-roca\/","title":{"rendered":"TENET MOVEL 80 SUSPENSO (CONJUNTO) ROCA"},"content":{"rendered":"","protected":false},"excerpt":{"rendered":"<p><strong>Pack (m\u00f3vel base com 2 gavetas, lavat\u00f3rio, espelho e aplique LED)<\/strong><\/p>\n<ul>\n<li>Espelho \/ Ilumina\u00e7\u00e3o: Focos de luz inclu\u00eddos<\/li>\n<li>Espelho \/ Tipo de luz: LED<\/li>\n<li>Instala\u00e7\u00e3o da torneira: No lavat\u00f3rio<\/li>\n<li>Lavat\u00f3rio \/ Orif\u00edcios para torneira: 1 Or\u00edfico no centro<\/li>\n<li>Material \/ Lavat\u00f3rio: Porcelana<\/li>\n<li>Medidas \/ Espelho \/ Comprimento (mm): 800<\/li>\n<li>Medidas \/ Lavat\u00f3rio e m\u00f3vel \/ Altura (mm): 850<\/li>\n<li>Medidas \/ Lavat\u00f3rio e m\u00f3vel \/ Comprimento (mm): 805<\/li>\n<li>Medidas\/ Lavat\u00f3rio e m\u00f3vel \/ Largura (mm): 460<\/li>\n<li>M\u00f3vel base \/ Estrutura: Gavetas<\/li>\n<li>M\u00f3vel base \/ Separadores internos<\/li>\n<li>M\u00f3vel base \/ Sistema de abertura e fecho: Gavetas com fecho suave<\/li>\n<li>Tipo de instala\u00e7\u00e3o: Suspenso<\/li>\n<\/ul>\n<p>c\u00f3digo: ROCAS0161<\/p>","protected":false},"featured_media":21703,"comment_status":"open","ping_status":"closed","template":"","meta":{"iawp_total_views":1},"product_brand":[220],"product_cat":[191,189],"product_tag":[],"class_list":{"0":"post-21699","1":"product","2":"type-product","3":"status-publish","4":"has-post-thumbnail","6":"product_brand-roca","7":"product_cat-lavatorios","8":"product_cat-moveis","10":"first","11":"instock","12":"shipping-taxable","13":"purchasable","14":"product-type-simple"},"aioseo_notices":[],"_links":{"self":[{"href":"https:\/\/bricoluanda.com\/en\/wp-json\/wp\/v2\/product\/21699","targetHints":{"allow":["GET"]}}],"collection":[{"href":"https:\/\/bricoluanda.com\/en\/wp-json\/wp\/v2\/product"}],"about":[{"href":"https:\/\/bricoluanda.com\/en\/wp-json\/wp\/v2\/types\/product"}],"replies":[{"embeddable":true,"href":"https:\/\/bricoluanda.com\/en\/wp-json\/wp\/v2\/comments?post=21699"}],"wp:featuredmedia":[{"embeddable":true,"href":"https:\/\/bricoluanda.com\/en\/wp-json\/wp\/v2\/media\/21703"}],"wp:attachment":[{"href":"https:\/\/bricoluanda.com\/en\/wp-json\/wp\/v2\/media?parent=21699"}],"wp:term":[{"taxonomy":"product_brand","embeddable":true,"href":"https:\/\/bricoluanda.com\/en\/wp-json\/wp\/v2\/product_brand?post=21699"},{"taxonomy":"product_cat","embeddable":true,"href":"https:\/\/bricoluanda.com\/en\/wp-json\/wp\/v2\/product_cat?post=21699"},{"taxonomy":"product_tag","embeddable":true,"href":"https:\/\/bricoluanda.com\/en\/wp-json\/wp\/v2\/product_tag?post=21699"}],"curies":[{"name":"wp","href":"https:\/\/api.w.org\/{rel}","templated":true}]}}