{"id":21641,"date":"2026-03-20T11:37:11","date_gmt":"2026-03-20T11:37:11","guid":{"rendered":"https:\/\/bricoluanda.com\/?post_type=product&#038;p=21641"},"modified":"2026-03-21T08:37:01","modified_gmt":"2026-03-21T08:37:01","slug":"serra-circular-gks-190","status":"publish","type":"product","link":"https:\/\/bricoluanda.com\/en\/product\/serra-circular-gks-190\/","title":{"rendered":"SERRA CIRCULAR GKS-190 BOSCH"},"content":{"rendered":"","protected":false},"excerpt":{"rendered":"<p><span class=\"description-benefit-headline u-hiding-focus\">Benef\u00edcios e Caracter\u00edsticas do Produto<\/span><\/p>\n<ul>\n<li id=\"shortdescription\">O mais r\u00e1pido da sua classe para um maior conforto durante a utiliza\u00e7\u00e3o cont\u00ednua.<\/li>\n<\/ul>\n<div class=\"row product-benefits-row\">\n<div class=\"pt-product-banner-container\">\n<div class=\"main-items-container\">\n<ul>\n<li>Forte e resistente para trabalhos pesados no local da obra ou aplica\u00e7\u00f5es na oficina<\/li>\n<li>Perfeita para cortar madeira dura<\/li>\n<\/ul>\n<\/div>\n<div class=\"show-more-less-container\">\n<div class=\"pt-rb-core-more-less\">\n<div class=\"pt-rb-core-more-less__content\">\n<div>\n<ul>\n<li>Alta velocidade de corte garantindo melhor produtividade no trabalho<\/li>\n<li>Capacidade de corte mais profunda<\/li>\n<li>Ajuste da profundidade para cortes at\u00e9 67 mm de profundidade<\/li>\n<\/ul>\n<p>c\u00f3digo:BOSCH0004<\/p>\n<\/div>\n<\/div>\n<\/div>\n<\/div>\n<\/div>\n<\/div>","protected":false},"featured_media":21643,"comment_status":"open","ping_status":"closed","template":"","meta":{"iawp_total_views":9},"product_brand":[218],"product_cat":[205],"product_tag":[],"class_list":{"0":"post-21641","1":"product","2":"type-product","3":"status-publish","4":"has-post-thumbnail","6":"product_brand-bosch","7":"product_cat-maquinas","9":"first","10":"instock","11":"shipping-taxable","12":"purchasable","13":"product-type-simple"},"aioseo_notices":[],"_links":{"self":[{"href":"https:\/\/bricoluanda.com\/en\/wp-json\/wp\/v2\/product\/21641","targetHints":{"allow":["GET"]}}],"collection":[{"href":"https:\/\/bricoluanda.com\/en\/wp-json\/wp\/v2\/product"}],"about":[{"href":"https:\/\/bricoluanda.com\/en\/wp-json\/wp\/v2\/types\/product"}],"replies":[{"embeddable":true,"href":"https:\/\/bricoluanda.com\/en\/wp-json\/wp\/v2\/comments?post=21641"}],"wp:featuredmedia":[{"embeddable":true,"href":"https:\/\/bricoluanda.com\/en\/wp-json\/wp\/v2\/media\/21643"}],"wp:attachment":[{"href":"https:\/\/bricoluanda.com\/en\/wp-json\/wp\/v2\/media?parent=21641"}],"wp:term":[{"taxonomy":"product_brand","embeddable":true,"href":"https:\/\/bricoluanda.com\/en\/wp-json\/wp\/v2\/product_brand?post=21641"},{"taxonomy":"product_cat","embeddable":true,"href":"https:\/\/bricoluanda.com\/en\/wp-json\/wp\/v2\/product_cat?post=21641"},{"taxonomy":"product_tag","embeddable":true,"href":"https:\/\/bricoluanda.com\/en\/wp-json\/wp\/v2\/product_tag?post=21641"}],"curies":[{"name":"wp","href":"https:\/\/api.w.org\/{rel}","templated":true}]}}